{"id":3482,"date":"2023-12-14T12:39:41","date_gmt":"2023-12-14T12:39:41","guid":{"rendered":"https:\/\/westcoastcharter.se\/vanliga-fragor-2-0fg546g4\/"},"modified":"2025-01-30T07:36:01","modified_gmt":"2025-01-30T07:36:01","slug":"frequently-asked-questions","status":"publish","type":"page","link":"https:\/\/westcoastcharter.se\/en\/frequently-asked-questions\/","title":{"rendered":"Q&#038;A"},"content":{"rendered":"<p>[et_pb_section fb_built=&#8221;1&#8243; _builder_version=&#8221;4.23.1&#8243; background_color=&#8221;#001930&#8243; custom_padding=&#8221;135px||||false|false&#8221; global_colors_info=&#8221;{}&#8221;][et_pb_row disabled_on=&#8221;off|off|off&#8221; _builder_version=&#8221;4.16&#8243; global_colors_info=&#8221;{}&#8221;][et_pb_column type=&#8221;4_4&#8243; _builder_version=&#8221;4.16&#8243; custom_padding=&#8221;|||&#8221; global_colors_info=&#8221;{}&#8221; custom_padding__hover=&#8221;|||&#8221;][et_pb_text _builder_version=&#8221;4.23.1&#8243; text_font=&#8221;|||on|||||&#8221; text_text_color=&#8221;#ceac75&#8243; text_letter_spacing=&#8221;2px&#8221; text_orientation=&#8221;center&#8221; background_layout=&#8221;dark&#8221; hover_enabled=&#8221;0&#8243; global_colors_info=&#8221;{}&#8221; sticky_enabled=&#8221;0&#8243;]<\/p>\n<h2><strong><span lang=\"EN-GB\">Frequently Asked Questions<\/span><\/strong><\/h2>\n<p>[\/et_pb_text][et_pb_image src=&#8221;https:\/\/westcoastcharter.se\/wp-content\/uploads\/2023\/12\/wcc-symboler-02-1.svg&#8221; title_text=&#8221;wcc-symboler-02&#8243; align=&#8221;center&#8221; src_tablet=&#8221;https:\/\/westcoastcharter.se\/wp-content\/uploads\/2023\/12\/wcc-symboler-02-1.svg&#8221; src_phone=&#8221;https:\/\/westcoastcharter.se\/wp-content\/uploads\/2023\/12\/wcc-symboler-02-mob-02.svg&#8221; src_last_edited=&#8221;on|phone&#8221; align_tablet=&#8221;center&#8221; align_phone=&#8221;&#8221; align_last_edited=&#8221;on|desktop&#8221; _builder_version=&#8221;4.23.1&#8243; width=&#8221;100%&#8221; width_tablet=&#8221;100%&#8221; width_phone=&#8221;100%&#8221; width_last_edited=&#8221;on|phone&#8221; module_alignment=&#8221;center&#8221; custom_margin=&#8221;43px||||false|false&#8221; filter_brightness=&#8221;0%&#8221; filter_invert=&#8221;100%&#8221; always_center_on_mobile=&#8221;on&#8221; locked=&#8221;off&#8221; global_colors_info=&#8221;{}&#8221;][\/et_pb_image][\/et_pb_column][\/et_pb_row][\/et_pb_section][et_pb_section fb_built=&#8221;1&#8243; _builder_version=&#8221;4.23.1&#8243; custom_padding=&#8221;0px||0px||true|false&#8221; global_colors_info=&#8221;{}&#8221;][et_pb_row column_structure=&#8221;1_2,1_2&#8243; make_equal=&#8221;on&#8221; _builder_version=&#8221;4.23.1&#8243; background_size=&#8221;initial&#8221; background_position=&#8221;top_left&#8221; background_repeat=&#8221;repeat&#8221; width=&#8221;100%&#8221; max_width=&#8221;100%&#8221; custom_padding=&#8221;0px||0px||true|false&#8221; hover_enabled=&#8221;0&#8243; global_colors_info=&#8221;{}&#8221; sticky_enabled=&#8221;0&#8243;][et_pb_column type=&#8221;1_2&#8243; _builder_version=&#8221;4.23.1&#8243; custom_padding=&#8221;99px|66px|99px|66px|true|true&#8221; hover_enabled=&#8221;0&#8243; global_colors_info=&#8221;{}&#8221; custom_padding__hover=&#8221;|||&#8221; custom_padding_last_edited=&#8221;on|phone&#8221; custom_padding_tablet=&#8221;66px|40px|66px|40px|true|true&#8221; sticky_enabled=&#8221;0&#8243; custom_padding_phone=&#8221;50px|25px|50px|25px|true|true&#8221;][et_pb_toggle title=&#8221;Do I have to know anything about boats?&#8221; open_toggle_text_color=&#8221;#000000&#8243; open_toggle_background_color=&#8221;RGBA(255,255,255,0)&#8221; closed_toggle_background_color=&#8221;RGBA(255,255,255,0)&#8221; icon_color=&#8221;#000000&#8243; toggle_icon=&#8221;&#x35;||divi||400&#8243; use_icon_font_size=&#8221;on&#8221; icon_font_size=&#8221;20px&#8221; open_icon_color=&#8221;#000000&#8243; open_toggle_icon=&#8221;&#x33;||divi||400&#8243; open_use_icon_font_size=&#8221;on&#8221; open_icon_font_size=&#8221;20px&#8221; admin_label=&#8221;M\u00e5ste jag kunna n\u00e5got om b\u00e5tar?&#8221; _builder_version=&#8221;4.23.1&#8243; title_text_color=&#8221;#000000&#8243; title_font_size=&#8221;20px&#8221; hover_enabled=&#8221;0&#8243; border_width_all=&#8221;0px&#8221; border_width_bottom=&#8221;1px&#8221; global_colors_info=&#8221;{}&#8221; sticky_enabled=&#8221;0&#8243;]<\/p>\n<p class=\"p1\"><span>Absolutely not, we take care of everything. All you need to do is to decide on a preferred route\/destination, when you want to depart and whether you will arrange your own on-board food or not. The rest is up to us, leaving you and your guests to relax and fully enjoy the trip.<\/span><\/p>\n<p>[\/et_pb_toggle][et_pb_toggle title=&#8221;How do I pay?&#8221; open_toggle_text_color=&#8221;#000000&#8243; open_toggle_background_color=&#8221;RGBA(255,255,255,0)&#8221; closed_toggle_background_color=&#8221;RGBA(255,255,255,0)&#8221; icon_color=&#8221;#000000&#8243; toggle_icon=&#8221;&#x35;||divi||400&#8243; use_icon_font_size=&#8221;on&#8221; icon_font_size=&#8221;20px&#8221; open_icon_color=&#8221;#000000&#8243; open_toggle_icon=&#8221;&#x33;||divi||400&#8243; open_use_icon_font_size=&#8221;on&#8221; open_icon_font_size=&#8221;20px&#8221; admin_label=&#8221;Hur betalar jag?&#8221; _builder_version=&#8221;4.23.1&#8243; title_text_color=&#8221;#000000&#8243; title_font_size=&#8221;20px&#8221; hover_enabled=&#8221;0&#8243; border_width_all=&#8221;0px&#8221; border_width_bottom=&#8221;1px&#8221; global_colors_info=&#8221;{}&#8221; sticky_enabled=&#8221;0&#8243;]<\/p>\n<p class=\"p1\"><span>You pay us securely through invoice. You will receive an initial invoice for a deposit, encompassing 20% of the total cost. The remaining amount will be paid prior to departure.<\/span><\/p>\n<p>[\/et_pb_toggle][et_pb_toggle title=&#8221;What happens if something goes wrong?&#8221; open_toggle_text_color=&#8221;#000000&#8243; open_toggle_background_color=&#8221;RGBA(255,255,255,0)&#8221; closed_toggle_background_color=&#8221;RGBA(255,255,255,0)&#8221; icon_color=&#8221;#000000&#8243; toggle_icon=&#8221;&#x35;||divi||400&#8243; use_icon_font_size=&#8221;on&#8221; icon_font_size=&#8221;20px&#8221; open_icon_color=&#8221;#000000&#8243; open_toggle_icon=&#8221;&#x33;||divi||400&#8243; open_use_icon_font_size=&#8221;on&#8221; open_icon_font_size=&#8221;20px&#8221; admin_label=&#8221;Vad h\u00e4nder om n\u00e5got g\u00e5r fel?&#8221; _builder_version=&#8221;4.23.1&#8243; title_text_color=&#8221;#000000&#8243; title_font_size=&#8221;20px&#8221; hover_enabled=&#8221;0&#8243; border_width_all=&#8221;0px&#8221; border_width_bottom=&#8221;1px&#8221; global_colors_info=&#8221;{}&#8221; sticky_enabled=&#8221;0&#8243;]<\/p>\n<p class=\"p1\"><span>Safety at sea is our number one priority. There is insurance in place covering you and your guests on board. This insurance policy means that if you accidentally break anything, or if any other problem occurs, it will be covered. <\/span><span>You can read more<\/span><span lang=\"EN-GB\">\u00a0<a href=\"https:\/\/www.pantaenius.com\/se-en\/\"><strong>here<\/strong><\/a>.<\/span><\/p>\n<p>[\/et_pb_toggle][et_pb_toggle title=&#8221;Can we go where we want to?&#8221; open_toggle_text_color=&#8221;#000000&#8243; open_toggle_background_color=&#8221;RGBA(255,255,255,0)&#8221; closed_toggle_background_color=&#8221;RGBA(255,255,255,0)&#8221; icon_color=&#8221;#000000&#8243; toggle_icon=&#8221;&#x35;||divi||400&#8243; use_icon_font_size=&#8221;on&#8221; icon_font_size=&#8221;20px&#8221; open_icon_color=&#8221;#000000&#8243; open_toggle_icon=&#8221;&#x33;||divi||400&#8243; open_use_icon_font_size=&#8221;on&#8221; open_icon_font_size=&#8221;20px&#8221; admin_label=&#8221;Kan vi \u00e5ka var vi vill?&#8221; _builder_version=&#8221;4.23.1&#8243; title_text_color=&#8221;#000000&#8243; title_font_size=&#8221;20px&#8221; hover_enabled=&#8221;0&#8243; border_width_all=&#8221;0px&#8221; border_width_bottom=&#8221;1px&#8221; global_colors_info=&#8221;{}&#8221; sticky_enabled=&#8221;0&#8243;]<\/p>\n<p class=\"p1\"><span>All of our pre-planned routes are flexible, you are free to decide where on the west coast you would like to go, when you want to depart and how long you would like to stay. Perhaps you decide that you want to extend your experience while you are on board, or do something completely different. Just let us know and we will do our best to solve it.<\/span><\/p>\n<p>[\/et_pb_toggle][et_pb_toggle title=&#8221;Who captains the boat?&#8221; open_toggle_text_color=&#8221;#000000&#8243; open_toggle_background_color=&#8221;RGBA(255,255,255,0)&#8221; closed_toggle_background_color=&#8221;RGBA(255,255,255,0)&#8221; icon_color=&#8221;#000000&#8243; toggle_icon=&#8221;&#x35;||divi||400&#8243; use_icon_font_size=&#8221;on&#8221; icon_font_size=&#8221;20px&#8221; open_icon_color=&#8221;#000000&#8243; open_toggle_icon=&#8221;&#x33;||divi||400&#8243; open_use_icon_font_size=&#8221;on&#8221; open_icon_font_size=&#8221;20px&#8221; admin_label=&#8221;Vem \u00e4r det som k\u00f6r b\u00e5ten?&#8221; _builder_version=&#8221;4.16&#8243; title_text_color=&#8221;#000000&#8243; title_font_size=&#8221;20px&#8221; border_width_all=&#8221;0px&#8221; border_width_bottom=&#8221;1px&#8221; global_colors_info=&#8221;{}&#8221;]<\/p>\n<p class=\"p1\"><span lang=\"EN-GB\">The boat is in the command of an experienced captain, who holds a master mariner\u2019s certificate. You can feel safe throughout the voyage, the captain knows the archipelago\u00a0<\/span><span>and can provide you with tips\u00a0<\/span><span lang=\"EN-GB\">on the gems that you should not miss, just ask!<\/span><\/p>\n<p>[\/et_pb_toggle][et_pb_toggle title=&#8221;If I want to give away a WestCoast Charter experience as a gift, can you send out an invitation to the recipient?&#8221; open_toggle_text_color=&#8221;#000000&#8243; open_toggle_background_color=&#8221;RGBA(255,255,255,0)&#8221; closed_toggle_background_color=&#8221;RGBA(255,255,255,0)&#8221; icon_color=&#8221;#000000&#8243; toggle_icon=&#8221;&#x35;||divi||400&#8243; use_icon_font_size=&#8221;on&#8221; icon_font_size=&#8221;20px&#8221; open_icon_color=&#8221;#000000&#8243; open_toggle_icon=&#8221;&#x33;||divi||400&#8243; open_use_icon_font_size=&#8221;on&#8221; open_icon_font_size=&#8221;20px&#8221; admin_label=&#8221;Om jag vill ge bort ett upplevelsepaket som present, skickar ni ut en inbjudan till personen d\u00e5?&#8221; _builder_version=&#8221;4.16&#8243; title_text_color=&#8221;#000000&#8243; title_font_size=&#8221;20px&#8221; border_width_all=&#8221;0px&#8221; border_width_bottom=&#8221;1px&#8221; global_colors_info=&#8221;{}&#8221;]<\/p>\n<p class=\"p1\"><span>If you choose to buy a WestCoast Charter experience as a gift, we can either send the gift material to your home, or directly to the person you are giving the gift to, it\u2019s your decision! Just contact us, and we will help you.<\/span><\/p>\n<p>[\/et_pb_toggle][\/et_pb_column][et_pb_column type=&#8221;1_2&#8243; _builder_version=&#8221;4.23.1&#8243; background_image=&#8221;https:\/\/westcoastcharter.se\/wp-content\/uploads\/2023\/11\/DSCF9735.jpg&#8221; custom_padding=&#8221;|||&#8221; global_colors_info=&#8221;{}&#8221; custom_padding__hover=&#8221;|||&#8221;][et_pb_divider _builder_version=&#8221;4.23.1&#8243; _module_preset=&#8221;default&#8221; show_divider=&#8221;off&#8221; disabled_on=&#8221;off|off|on&#8221; height=&#8221;550px&#8221; hover_enabled=&#8221;0&#8243; sticky_enabled=&#8221;0&#8243; locked=&#8221;off&#8221;][\/et_pb_divider][\/et_pb_column][\/et_pb_row][\/et_pb_section]<\/p>\n","protected":false},"excerpt":{"rendered":"<p>Frequently Asked QuestionsAbsolutely not, we take care of everything. All you need to do is to decide on a preferred route\/destination, when you want to depart and whether you will arrange your own on-board food or not. The rest is up to us, leaving you and your guests to relax and fully enjoy the trip.You [&hellip;]<\/p>\n","protected":false},"author":1,"featured_media":0,"parent":0,"menu_order":0,"comment_status":"closed","ping_status":"closed","template":"","meta":{"_et_pb_use_builder":"on","_et_pb_old_content":"","_et_gb_content_width":"","inline_featured_image":false,"footnotes":""},"class_list":["post-3482","page","type-page","status-publish","hentry"],"yoast_head":"<!-- This site is optimized with the Yoast SEO plugin v27.5 - https:\/\/yoast.com\/product\/yoast-seo-wordpress\/ -->\n<title>Q&amp;A - Westcoast Charter<\/title>\n<meta name=\"description\" content=\"Hyr en Yacht p\u00e5 v\u00e4stkusten f\u00f6r en unik upplevelse med ditt f\u00f6retag, familjen eller v\u00e4nnerna. Westcoast Charter tar dig till havs.\" \/>\n<meta name=\"robots\" content=\"noindex, nofollow\" \/>\n<meta property=\"og:locale\" content=\"en_US\" \/>\n<meta property=\"og:type\" content=\"article\" \/>\n<meta property=\"og:title\" content=\"Q&amp;A - Westcoast Charter\" \/>\n<meta property=\"og:description\" content=\"Hyr en Yacht p\u00e5 v\u00e4stkusten f\u00f6r en unik upplevelse med ditt f\u00f6retag, familjen eller v\u00e4nnerna. Westcoast Charter tar dig till havs.\" \/>\n<meta property=\"og:url\" content=\"https:\/\/westcoastcharter.se\/en\/frequently-asked-questions\/\" \/>\n<meta property=\"og:site_name\" content=\"Westcoast Charter\" \/>\n<meta property=\"article:publisher\" content=\"https:\/\/www.facebook.com\/westcoastcharter\/\" \/>\n<meta property=\"article:modified_time\" content=\"2025-01-30T07:36:01+00:00\" \/>\n<meta name=\"twitter:card\" content=\"summary_large_image\" \/>\n<meta name=\"twitter:label1\" content=\"Est. reading time\" \/>\n\t<meta name=\"twitter:data1\" content=\"3 minutes\" \/>\n<script type=\"application\/ld+json\" class=\"yoast-schema-graph\">{\"@context\":\"https:\\\/\\\/schema.org\",\"@graph\":[{\"@type\":\"WebPage\",\"@id\":\"https:\\\/\\\/westcoastcharter.se\\\/en\\\/frequently-asked-questions\\\/\",\"url\":\"https:\\\/\\\/westcoastcharter.se\\\/en\\\/frequently-asked-questions\\\/\",\"name\":\"Q&A - Westcoast Charter\",\"isPartOf\":{\"@id\":\"https:\\\/\\\/westcoastcharter.se\\\/#website\"},\"datePublished\":\"2023-12-14T12:39:41+00:00\",\"dateModified\":\"2025-01-30T07:36:01+00:00\",\"description\":\"Hyr en Yacht p\u00e5 v\u00e4stkusten f\u00f6r en unik upplevelse med ditt f\u00f6retag, familjen eller v\u00e4nnerna. Westcoast Charter tar dig till havs.\",\"breadcrumb\":{\"@id\":\"https:\\\/\\\/westcoastcharter.se\\\/en\\\/frequently-asked-questions\\\/#breadcrumb\"},\"inLanguage\":\"en-US\",\"potentialAction\":[{\"@type\":\"ReadAction\",\"target\":[\"https:\\\/\\\/westcoastcharter.se\\\/en\\\/frequently-asked-questions\\\/\"]}]},{\"@type\":\"BreadcrumbList\",\"@id\":\"https:\\\/\\\/westcoastcharter.se\\\/en\\\/frequently-asked-questions\\\/#breadcrumb\",\"itemListElement\":[{\"@type\":\"ListItem\",\"position\":1,\"name\":\"Hem\",\"item\":\"https:\\\/\\\/westcoastcharter.se\\\/en\\\/\"},{\"@type\":\"ListItem\",\"position\":2,\"name\":\"Q&#038;A\"}]},{\"@type\":\"WebSite\",\"@id\":\"https:\\\/\\\/westcoastcharter.se\\\/#website\",\"url\":\"https:\\\/\\\/westcoastcharter.se\\\/\",\"name\":\"Westcoast Charter\",\"description\":\"Hyr en yacht p\u00e5 v\u00e4stkusten\",\"publisher\":{\"@id\":\"https:\\\/\\\/westcoastcharter.se\\\/#organization\"},\"potentialAction\":[{\"@type\":\"SearchAction\",\"target\":{\"@type\":\"EntryPoint\",\"urlTemplate\":\"https:\\\/\\\/westcoastcharter.se\\\/?s={search_term_string}\"},\"query-input\":{\"@type\":\"PropertyValueSpecification\",\"valueRequired\":true,\"valueName\":\"search_term_string\"}}],\"inLanguage\":\"en-US\"},{\"@type\":\"Organization\",\"@id\":\"https:\\\/\\\/westcoastcharter.se\\\/#organization\",\"name\":\"Westcoast Charter\",\"url\":\"https:\\\/\\\/westcoastcharter.se\\\/\",\"logo\":{\"@type\":\"ImageObject\",\"inLanguage\":\"en-US\",\"@id\":\"https:\\\/\\\/westcoastcharter.se\\\/#\\\/schema\\\/logo\\\/image\\\/\",\"url\":\"https:\\\/\\\/westcoastcharter.se\\\/wp-content\\\/uploads\\\/2018\\\/01\\\/westcoast-charter-logo_1.png\",\"contentUrl\":\"https:\\\/\\\/westcoastcharter.se\\\/wp-content\\\/uploads\\\/2018\\\/01\\\/westcoast-charter-logo_1.png\",\"width\":572,\"height\":40,\"caption\":\"Westcoast Charter\"},\"image\":{\"@id\":\"https:\\\/\\\/westcoastcharter.se\\\/#\\\/schema\\\/logo\\\/image\\\/\"},\"sameAs\":[\"https:\\\/\\\/www.facebook.com\\\/westcoastcharter\\\/\",\"https:\\\/\\\/www.instagram.com\\\/westcoastcharter\\\/\"]}]}<\/script>\n<!-- \/ Yoast SEO plugin. -->","yoast_head_json":{"title":"Q&A - Westcoast Charter","description":"Hyr en Yacht p\u00e5 v\u00e4stkusten f\u00f6r en unik upplevelse med ditt f\u00f6retag, familjen eller v\u00e4nnerna. Westcoast Charter tar dig till havs.","robots":{"index":"noindex","follow":"nofollow"},"og_locale":"en_US","og_type":"article","og_title":"Q&A - Westcoast Charter","og_description":"Hyr en Yacht p\u00e5 v\u00e4stkusten f\u00f6r en unik upplevelse med ditt f\u00f6retag, familjen eller v\u00e4nnerna. Westcoast Charter tar dig till havs.","og_url":"https:\/\/westcoastcharter.se\/en\/frequently-asked-questions\/","og_site_name":"Westcoast Charter","article_publisher":"https:\/\/www.facebook.com\/westcoastcharter\/","article_modified_time":"2025-01-30T07:36:01+00:00","twitter_card":"summary_large_image","twitter_misc":{"Est. reading time":"3 minutes"},"schema":{"@context":"https:\/\/schema.org","@graph":[{"@type":"WebPage","@id":"https:\/\/westcoastcharter.se\/en\/frequently-asked-questions\/","url":"https:\/\/westcoastcharter.se\/en\/frequently-asked-questions\/","name":"Q&A - Westcoast Charter","isPartOf":{"@id":"https:\/\/westcoastcharter.se\/#website"},"datePublished":"2023-12-14T12:39:41+00:00","dateModified":"2025-01-30T07:36:01+00:00","description":"Hyr en Yacht p\u00e5 v\u00e4stkusten f\u00f6r en unik upplevelse med ditt f\u00f6retag, familjen eller v\u00e4nnerna. Westcoast Charter tar dig till havs.","breadcrumb":{"@id":"https:\/\/westcoastcharter.se\/en\/frequently-asked-questions\/#breadcrumb"},"inLanguage":"en-US","potentialAction":[{"@type":"ReadAction","target":["https:\/\/westcoastcharter.se\/en\/frequently-asked-questions\/"]}]},{"@type":"BreadcrumbList","@id":"https:\/\/westcoastcharter.se\/en\/frequently-asked-questions\/#breadcrumb","itemListElement":[{"@type":"ListItem","position":1,"name":"Hem","item":"https:\/\/westcoastcharter.se\/en\/"},{"@type":"ListItem","position":2,"name":"Q&#038;A"}]},{"@type":"WebSite","@id":"https:\/\/westcoastcharter.se\/#website","url":"https:\/\/westcoastcharter.se\/","name":"Westcoast Charter","description":"Hyr en yacht p\u00e5 v\u00e4stkusten","publisher":{"@id":"https:\/\/westcoastcharter.se\/#organization"},"potentialAction":[{"@type":"SearchAction","target":{"@type":"EntryPoint","urlTemplate":"https:\/\/westcoastcharter.se\/?s={search_term_string}"},"query-input":{"@type":"PropertyValueSpecification","valueRequired":true,"valueName":"search_term_string"}}],"inLanguage":"en-US"},{"@type":"Organization","@id":"https:\/\/westcoastcharter.se\/#organization","name":"Westcoast Charter","url":"https:\/\/westcoastcharter.se\/","logo":{"@type":"ImageObject","inLanguage":"en-US","@id":"https:\/\/westcoastcharter.se\/#\/schema\/logo\/image\/","url":"https:\/\/westcoastcharter.se\/wp-content\/uploads\/2018\/01\/westcoast-charter-logo_1.png","contentUrl":"https:\/\/westcoastcharter.se\/wp-content\/uploads\/2018\/01\/westcoast-charter-logo_1.png","width":572,"height":40,"caption":"Westcoast Charter"},"image":{"@id":"https:\/\/westcoastcharter.se\/#\/schema\/logo\/image\/"},"sameAs":["https:\/\/www.facebook.com\/westcoastcharter\/","https:\/\/www.instagram.com\/westcoastcharter\/"]}]}},"_links":{"self":[{"href":"https:\/\/westcoastcharter.se\/en\/wp-json\/wp\/v2\/pages\/3482","targetHints":{"allow":["GET"]}}],"collection":[{"href":"https:\/\/westcoastcharter.se\/en\/wp-json\/wp\/v2\/pages"}],"about":[{"href":"https:\/\/westcoastcharter.se\/en\/wp-json\/wp\/v2\/types\/page"}],"author":[{"embeddable":true,"href":"https:\/\/westcoastcharter.se\/en\/wp-json\/wp\/v2\/users\/1"}],"replies":[{"embeddable":true,"href":"https:\/\/westcoastcharter.se\/en\/wp-json\/wp\/v2\/comments?post=3482"}],"version-history":[{"count":7,"href":"https:\/\/westcoastcharter.se\/en\/wp-json\/wp\/v2\/pages\/3482\/revisions"}],"predecessor-version":[{"id":3543,"href":"https:\/\/westcoastcharter.se\/en\/wp-json\/wp\/v2\/pages\/3482\/revisions\/3543"}],"wp:attachment":[{"href":"https:\/\/westcoastcharter.se\/en\/wp-json\/wp\/v2\/media?parent=3482"}],"curies":[{"name":"wp","href":"https:\/\/api.w.org\/{rel}","templated":true}]}}