{"id":2282,"date":"2021-03-24T15:53:26","date_gmt":"2021-03-24T15:53:26","guid":{"rendered":"https:\/\/westcoastcharter.se\/cookie-policy\/"},"modified":"2025-10-03T10:34:37","modified_gmt":"2025-10-03T10:34:37","slug":"cookie-policy-en","status":"publish","type":"page","link":"https:\/\/westcoastcharter.se\/en\/cookie-policy-en\/","title":{"rendered":"Cookie Policy"},"content":{"rendered":"<p>[et_pb_section fb_built=&#8221;1&#8243; _builder_version=&#8221;4.16&#8243; global_colors_info=&#8221;{}&#8221;][et_pb_row _builder_version=&#8221;4.16&#8243; background_size=&#8221;initial&#8221; background_position=&#8221;top_left&#8221; background_repeat=&#8221;repeat&#8221; custom_padding=&#8221;110px|||||&#8221; global_colors_info=&#8221;{}&#8221;][et_pb_column type=&#8221;4_4&#8243; _builder_version=&#8221;4.16&#8243; custom_padding=&#8221;|||&#8221; global_colors_info=&#8221;{}&#8221; custom_padding__hover=&#8221;|||&#8221;][et_pb_text disabled_on=&#8221;off|off|off&#8221; _builder_version=&#8221;4.16&#8243; text_text_color=&#8221;#000000&#8243; header_font=&#8221;||||||||&#8221; header_text_color=&#8221;#000000&#8243; header_font_size=&#8221;60px&#8221; background_layout=&#8221;dark&#8221; custom_margin=&#8221;||-10px||false|false&#8221; custom_padding=&#8221;||25px||false|false&#8221; custom_padding_last_edited=&#8221;off|desktop&#8221; text_font_size_last_edited=&#8221;off|desktop&#8221; header_font_size_tablet=&#8221;60px&#8221; header_font_size_phone=&#8221;36px&#8221; header_font_size_last_edited=&#8221;on|desktop&#8221; global_colors_info=&#8221;{}&#8221;]<\/p>\n<h1>Our cookie policy<\/h1>\n<p>[\/et_pb_text][et_pb_text _builder_version=&#8221;4.16&#8243; header_font_size=&#8221;60px&#8221; background_size=&#8221;initial&#8221; background_position=&#8221;top_left&#8221; background_repeat=&#8221;repeat&#8221; global_colors_info=&#8221;{}&#8221;]<strong>On this page, we explain what cookies are, how we use them and which cookies we use on this website. Your can at any time change or withdraw your consent of us storing cookies. Click on cookie settings at the bottom of this page to change your settings.<\/strong><\/p>\n<p>&nbsp;<\/p>\n<h3>What are cookies?<\/h3>\n<div>A cookie is a small text file that gathers data on the device you are using to browse our website. Cookies have different functionalities, such as to store information about your preferences, or to gather and analyse data to make our website perform better.<\/div>\n<p>&nbsp;<\/p>\n<h3>How do we use cookies?<\/h3>\n<div>\n<p class=\"p1\">Necessary cookies are always enabled in order for the website to function properly. These cookies do not store any personal data. Non-necessary cookies such as statistics, functional and advertisement are used in order to understand how a website performs, how you interact between pages and to help us improve the usability of the site.<\/p>\n<\/div>\n<p>&nbsp;<\/p>\n<h3>Your consent<\/h3>\n<p>We obtain your consent before collecting or storing cookies. This applies to all forms of cookies. However, we do not obtain your consent when cookies are only used to keep track of your entered information. We do not collect personal information through the cookies we use. In cases where the website begins to use other forms of cookies that collect personal information about you, we will not disclose the personal information to another party. You will also be informed about the use of new cookies and given the opportunity to consent to storage before such cookies are stored.<\/p>\n<p>&nbsp;<\/p>\n<h3>What cookies do we use?<\/h3>\n<div>\n<p>Down below is a list of the cookies we are using on this website.<\/p>\n<\/div>\n<p>[\/et_pb_text][et_pb_text _builder_version=&#8221;4.27.4&#8243; _module_preset=&#8221;default&#8221; hover_enabled=&#8221;0&#8243; global_colors_info=&#8221;{}&#8221; sticky_enabled=&#8221;0&#8243;]<\/p>\n<p><span>[wcc_category_list]<\/span><\/p>\n<p>[\/et_pb_text][\/et_pb_column][\/et_pb_row][et_pb_row _builder_version=&#8221;4.16&#8243; _module_preset=&#8221;default&#8221; custom_padding=&#8221;||39px||false|false&#8221; global_colors_info=&#8221;{}&#8221;][et_pb_column type=&#8221;4_4&#8243; _builder_version=&#8221;4.16&#8243; _module_preset=&#8221;default&#8221; global_colors_info=&#8221;{}&#8221;][et_pb_text _builder_version=&#8221;4.16&#8243; _module_preset=&#8221;default&#8221; global_colors_info=&#8221;{}&#8221;]<\/p>\n<h3>How can I change my cookie settings?<\/h3>\n<div>You can find the cookie settings down below on this page. You can at any time choose to withdraw your consent. Read more about cookies at www.allaboutcookies.org.<\/div>\n<p>[\/et_pb_text][et_pb_text _builder_version=&#8221;4.27.4&#8243; _module_preset=&#8221;default&#8221; text_font=&#8221;|||on|||||&#8221; link_text_color=&#8221;#000000&#8243; text_orientation=&#8221;center&#8221; width=&#8221;36%&#8221; width_tablet=&#8221;&#8221; width_phone=&#8221;72%&#8221; width_last_edited=&#8221;on|phone&#8221; module_alignment=&#8221;left&#8221; min_height=&#8221;46px&#8221; custom_padding=&#8221;14px||10px||false|false&#8221; custom_padding_last_edited=&#8221;off|desktop&#8221; hover_enabled=&#8221;0&#8243; border_width_all=&#8221;2px&#8221; border_color_all=&#8221;#000000&#8243; global_colors_info=&#8221;{}&#8221; sticky_enabled=&#8221;0&#8243;]<\/p>\n<p><span>[wcc_preference_button]\u00a0<\/span><\/p>\n<p>[\/et_pb_text][\/et_pb_column][\/et_pb_row][\/et_pb_section]<\/p>\n","protected":false},"excerpt":{"rendered":"<p>Our cookie policy On this page, we explain what cookies are, how we use them and which cookies we use on this website. Your can at any time change or withdraw your consent of us storing cookies. Click on cookie settings at the bottom of this page to change your settings. &nbsp; What are cookies? [&hellip;]<\/p>\n","protected":false},"author":1,"featured_media":0,"parent":0,"menu_order":0,"comment_status":"closed","ping_status":"closed","template":"","meta":{"_et_pb_use_builder":"on","_et_pb_old_content":"","_et_gb_content_width":"","inline_featured_image":false,"footnotes":""},"class_list":["post-2282","page","type-page","status-publish","hentry"],"yoast_head":"<!-- This site is optimized with the Yoast SEO plugin v27.4 - https:\/\/yoast.com\/product\/yoast-seo-wordpress\/ -->\n<title>Cookie Policy - Westcoast Charter<\/title>\n<meta name=\"description\" content=\"Hyr en Yacht p\u00e5 v\u00e4stkusten f\u00f6r en unik upplevelse med ditt f\u00f6retag, familjen eller v\u00e4nnerna. Westcoast Charter tar dig till havs.\" \/>\n<meta name=\"robots\" content=\"index, follow, max-snippet:-1, max-image-preview:large, max-video-preview:-1\" \/>\n<link rel=\"canonical\" href=\"https:\/\/westcoastcharter.se\/cookie-policy-se\/\" \/>\n<meta property=\"og:locale\" content=\"en_US\" \/>\n<meta property=\"og:type\" content=\"article\" \/>\n<meta property=\"og:title\" content=\"Cookie Policy - Westcoast Charter\" \/>\n<meta property=\"og:description\" content=\"Hyr en Yacht p\u00e5 v\u00e4stkusten f\u00f6r en unik upplevelse med ditt f\u00f6retag, familjen eller v\u00e4nnerna. Westcoast Charter tar dig till havs.\" \/>\n<meta property=\"og:url\" content=\"https:\/\/westcoastcharter.se\/cookie-policy-se\/\" \/>\n<meta property=\"og:site_name\" content=\"Westcoast Charter\" \/>\n<meta property=\"article:publisher\" content=\"https:\/\/www.facebook.com\/westcoastcharter\/\" \/>\n<meta property=\"article:modified_time\" content=\"2025-10-03T10:34:37+00:00\" \/>\n<meta name=\"twitter:card\" content=\"summary_large_image\" \/>\n<meta name=\"twitter:label1\" content=\"Est. reading time\" \/>\n\t<meta name=\"twitter:data1\" content=\"3 minutes\" \/>\n<script type=\"application\/ld+json\" class=\"yoast-schema-graph\">{\"@context\":\"https:\\\/\\\/schema.org\",\"@graph\":[{\"@type\":\"WebPage\",\"@id\":\"https:\\\/\\\/westcoastcharter.se\\\/cookie-policy-se\\\/\",\"url\":\"https:\\\/\\\/westcoastcharter.se\\\/cookie-policy-se\\\/\",\"name\":\"Cookie Policy - Westcoast Charter\",\"isPartOf\":{\"@id\":\"https:\\\/\\\/westcoastcharter.se\\\/#website\"},\"datePublished\":\"2021-03-24T15:53:26+00:00\",\"dateModified\":\"2025-10-03T10:34:37+00:00\",\"description\":\"Hyr en Yacht p\u00e5 v\u00e4stkusten f\u00f6r en unik upplevelse med ditt f\u00f6retag, familjen eller v\u00e4nnerna. Westcoast Charter tar dig till havs.\",\"breadcrumb\":{\"@id\":\"https:\\\/\\\/westcoastcharter.se\\\/cookie-policy-se\\\/#breadcrumb\"},\"inLanguage\":\"en-US\",\"potentialAction\":[{\"@type\":\"ReadAction\",\"target\":[\"https:\\\/\\\/westcoastcharter.se\\\/cookie-policy-se\\\/\"]}]},{\"@type\":\"BreadcrumbList\",\"@id\":\"https:\\\/\\\/westcoastcharter.se\\\/cookie-policy-se\\\/#breadcrumb\",\"itemListElement\":[{\"@type\":\"ListItem\",\"position\":1,\"name\":\"Hem\",\"item\":\"https:\\\/\\\/westcoastcharter.se\\\/en\\\/\"},{\"@type\":\"ListItem\",\"position\":2,\"name\":\"Cookie Policy\"}]},{\"@type\":\"WebSite\",\"@id\":\"https:\\\/\\\/westcoastcharter.se\\\/#website\",\"url\":\"https:\\\/\\\/westcoastcharter.se\\\/\",\"name\":\"Westcoast Charter\",\"description\":\"Hyr en yacht p\u00e5 v\u00e4stkusten\",\"publisher\":{\"@id\":\"https:\\\/\\\/westcoastcharter.se\\\/#organization\"},\"potentialAction\":[{\"@type\":\"SearchAction\",\"target\":{\"@type\":\"EntryPoint\",\"urlTemplate\":\"https:\\\/\\\/westcoastcharter.se\\\/?s={search_term_string}\"},\"query-input\":{\"@type\":\"PropertyValueSpecification\",\"valueRequired\":true,\"valueName\":\"search_term_string\"}}],\"inLanguage\":\"en-US\"},{\"@type\":\"Organization\",\"@id\":\"https:\\\/\\\/westcoastcharter.se\\\/#organization\",\"name\":\"Westcoast Charter\",\"url\":\"https:\\\/\\\/westcoastcharter.se\\\/\",\"logo\":{\"@type\":\"ImageObject\",\"inLanguage\":\"en-US\",\"@id\":\"https:\\\/\\\/westcoastcharter.se\\\/#\\\/schema\\\/logo\\\/image\\\/\",\"url\":\"https:\\\/\\\/westcoastcharter.se\\\/wp-content\\\/uploads\\\/2018\\\/01\\\/westcoast-charter-logo_1.png\",\"contentUrl\":\"https:\\\/\\\/westcoastcharter.se\\\/wp-content\\\/uploads\\\/2018\\\/01\\\/westcoast-charter-logo_1.png\",\"width\":572,\"height\":40,\"caption\":\"Westcoast Charter\"},\"image\":{\"@id\":\"https:\\\/\\\/westcoastcharter.se\\\/#\\\/schema\\\/logo\\\/image\\\/\"},\"sameAs\":[\"https:\\\/\\\/www.facebook.com\\\/westcoastcharter\\\/\",\"https:\\\/\\\/www.instagram.com\\\/westcoastcharter\\\/\"]}]}<\/script>\n<!-- \/ Yoast SEO plugin. -->","yoast_head_json":{"title":"Cookie Policy - Westcoast Charter","description":"Hyr en Yacht p\u00e5 v\u00e4stkusten f\u00f6r en unik upplevelse med ditt f\u00f6retag, familjen eller v\u00e4nnerna. Westcoast Charter tar dig till havs.","robots":{"index":"index","follow":"follow","max-snippet":"max-snippet:-1","max-image-preview":"max-image-preview:large","max-video-preview":"max-video-preview:-1"},"canonical":"https:\/\/westcoastcharter.se\/cookie-policy-se\/","og_locale":"en_US","og_type":"article","og_title":"Cookie Policy - Westcoast Charter","og_description":"Hyr en Yacht p\u00e5 v\u00e4stkusten f\u00f6r en unik upplevelse med ditt f\u00f6retag, familjen eller v\u00e4nnerna. Westcoast Charter tar dig till havs.","og_url":"https:\/\/westcoastcharter.se\/cookie-policy-se\/","og_site_name":"Westcoast Charter","article_publisher":"https:\/\/www.facebook.com\/westcoastcharter\/","article_modified_time":"2025-10-03T10:34:37+00:00","twitter_card":"summary_large_image","twitter_misc":{"Est. reading time":"3 minutes"},"schema":{"@context":"https:\/\/schema.org","@graph":[{"@type":"WebPage","@id":"https:\/\/westcoastcharter.se\/cookie-policy-se\/","url":"https:\/\/westcoastcharter.se\/cookie-policy-se\/","name":"Cookie Policy - Westcoast Charter","isPartOf":{"@id":"https:\/\/westcoastcharter.se\/#website"},"datePublished":"2021-03-24T15:53:26+00:00","dateModified":"2025-10-03T10:34:37+00:00","description":"Hyr en Yacht p\u00e5 v\u00e4stkusten f\u00f6r en unik upplevelse med ditt f\u00f6retag, familjen eller v\u00e4nnerna. Westcoast Charter tar dig till havs.","breadcrumb":{"@id":"https:\/\/westcoastcharter.se\/cookie-policy-se\/#breadcrumb"},"inLanguage":"en-US","potentialAction":[{"@type":"ReadAction","target":["https:\/\/westcoastcharter.se\/cookie-policy-se\/"]}]},{"@type":"BreadcrumbList","@id":"https:\/\/westcoastcharter.se\/cookie-policy-se\/#breadcrumb","itemListElement":[{"@type":"ListItem","position":1,"name":"Hem","item":"https:\/\/westcoastcharter.se\/en\/"},{"@type":"ListItem","position":2,"name":"Cookie Policy"}]},{"@type":"WebSite","@id":"https:\/\/westcoastcharter.se\/#website","url":"https:\/\/westcoastcharter.se\/","name":"Westcoast Charter","description":"Hyr en yacht p\u00e5 v\u00e4stkusten","publisher":{"@id":"https:\/\/westcoastcharter.se\/#organization"},"potentialAction":[{"@type":"SearchAction","target":{"@type":"EntryPoint","urlTemplate":"https:\/\/westcoastcharter.se\/?s={search_term_string}"},"query-input":{"@type":"PropertyValueSpecification","valueRequired":true,"valueName":"search_term_string"}}],"inLanguage":"en-US"},{"@type":"Organization","@id":"https:\/\/westcoastcharter.se\/#organization","name":"Westcoast Charter","url":"https:\/\/westcoastcharter.se\/","logo":{"@type":"ImageObject","inLanguage":"en-US","@id":"https:\/\/westcoastcharter.se\/#\/schema\/logo\/image\/","url":"https:\/\/westcoastcharter.se\/wp-content\/uploads\/2018\/01\/westcoast-charter-logo_1.png","contentUrl":"https:\/\/westcoastcharter.se\/wp-content\/uploads\/2018\/01\/westcoast-charter-logo_1.png","width":572,"height":40,"caption":"Westcoast Charter"},"image":{"@id":"https:\/\/westcoastcharter.se\/#\/schema\/logo\/image\/"},"sameAs":["https:\/\/www.facebook.com\/westcoastcharter\/","https:\/\/www.instagram.com\/westcoastcharter\/"]}]}},"_links":{"self":[{"href":"https:\/\/westcoastcharter.se\/en\/wp-json\/wp\/v2\/pages\/2282","targetHints":{"allow":["GET"]}}],"collection":[{"href":"https:\/\/westcoastcharter.se\/en\/wp-json\/wp\/v2\/pages"}],"about":[{"href":"https:\/\/westcoastcharter.se\/en\/wp-json\/wp\/v2\/types\/page"}],"author":[{"embeddable":true,"href":"https:\/\/westcoastcharter.se\/en\/wp-json\/wp\/v2\/users\/1"}],"replies":[{"embeddable":true,"href":"https:\/\/westcoastcharter.se\/en\/wp-json\/wp\/v2\/comments?post=2282"}],"version-history":[{"count":9,"href":"https:\/\/westcoastcharter.se\/en\/wp-json\/wp\/v2\/pages\/2282\/revisions"}],"predecessor-version":[{"id":3766,"href":"https:\/\/westcoastcharter.se\/en\/wp-json\/wp\/v2\/pages\/2282\/revisions\/3766"}],"wp:attachment":[{"href":"https:\/\/westcoastcharter.se\/en\/wp-json\/wp\/v2\/media?parent=2282"}],"curies":[{"name":"wp","href":"https:\/\/api.w.org\/{rel}","templated":true}]}}